{"id":10539,"date":"2026-03-08T23:36:27","date_gmt":"2026-03-08T21:36:27","guid":{"rendered":"https:\/\/temko.ro\/allgemeine-geschaeftsbedingungen\/"},"modified":"2026-03-20T13:59:28","modified_gmt":"2026-03-20T11:59:28","slug":"allgemeine-geschaeftsbedingungen","status":"publish","type":"page","link":"https:\/\/temko.ro\/de\/allgemeine-geschaeftsbedingungen\/","title":{"rendered":"Allgemeine Gesch\u00e4ftsbedingungen"},"content":{"rendered":"\t\t<div data-elementor-type=\"wp-page\" data-elementor-id=\"10539\" class=\"elementor elementor-10539 elementor-10345\" data-elementor-post-type=\"page\">\n\t\t\t\t<div class=\"elementor-element elementor-element-af1aeaf e-flex e-con-boxed e-con e-parent\" data-id=\"af1aeaf\" data-element_type=\"container\" data-e-type=\"container\" data-settings=\"{&quot;jet_parallax_layout_list&quot;:[]}\">\n\t\t\t\t\t<div class=\"e-con-inner\">\n\t\t\t\t<div class=\"elementor-element elementor-element-8573997 elementor-widget elementor-widget-text-editor\" data-id=\"8573997\" data-element_type=\"widget\" data-e-type=\"widget\" data-widget_type=\"text-editor.default\">\n\t\t\t\t\t\t\t\t\t<p>Die Website <a href=\"https:\/\/www.temko.ro\/\">www.temko.ro<\/a> ist Eigentum der S.C. UNIVERSAL COMP PROD S.R.L. . Dieses Dokument legt die Bedingungen fest, unter denen Sie die Website <a href=\"https:\/\/www.temko.ro\/\">www.temko.ro<\/a> nutzen k\u00f6nnen. Der Zugang und die Nutzung der Website <a href=\"https:\/\/www.temko.ro\/\">www.temko.ro<\/a> unterliegen den nachstehend aufgef\u00fchrten Regeln und Bedingungen. Die Nutzung der Website, des Standorts und des Zugangs zu den Diensten setzt implizit die Akzeptanz dieser Bedingungen und aller sich aus ihrer Akzeptanz ergebenden Konsequenzen voraus. Wenn die Nutzer den auferlegten Nutzungsbedingungen nicht zustimmen, m\u00fcssen sie den Zugriff auf diesen Dienst einstellen.<\/p><h2>1. ZUGANG<\/h2><p>Die Nutzung dieser Website ist ausschlie\u00dflich zum Zweck der Informationsbeschaffung zul\u00e4ssig. Jegliche Nutzung zu anderen als diesen Zwecken ist nicht gestattet.<\/p><h2>2. Urheberrecht, Markenrecht und geistiges Eigentum<\/h2><p>S.C. UNIVERSAL COMP PROD S.R.L. bietet kostenlosen Zugang zur Website <a href=\"https:\/\/www.temko.ro\/\">www.temko.ro<\/a> und gestattet Ihnen, Informationen und regulatorische Dokumente auf der Website ausschlie\u00dflich f\u00fcr private, nichtkommerzielle Zwecke einzusehen. Die Inhalte der Webseite <a href=\"https:\/\/www.temko.ro\/\">www.temko.ro<\/a> unterliegen dem Urheberrecht der S.C. UNIVERSAL COMP PROD S.R.L. . Alle weiteren, hier nicht gew\u00e4hrten Rechte bleiben vorbehalten. Die Vervielf\u00e4ltigung, Weitergabe, Verbreitung und Speicherung des gesamten oder eines Teils des Inhalts, in welcher Form auch immer, ist ohne die vorherige schriftliche Genehmigung von S.C. UNIVERSAL COMP PROD S.R.L. untersagt. Bitte beachten Sie au\u00dferdem, dass alle Inhalte dieser Website urheberrechtlich gesch\u00fctzt sind, sofern kein gesonderter Hinweis erfolgt. Der Inhalt dieser Website, Texte, Grafiken, Fotos, Logos und Marken sind Eigentum von S.C. UNIVERSAL COMP PROD S.R.L. . Es ist untersagt, ohne vorherige schriftliche Zustimmung Links von anderen Websites zu dieser Website oder umgekehrt zu erstellen. In F\u00e4llen, in denen dies ohne die ausdr\u00fcckliche schriftliche Zustimmung von S.C. UNIVERSAL COMP PROD S.R.L. geschieht, beh\u00e4lt sich das Unternehmen das Recht vor, Sanktionen gem\u00e4\u00df den geltenden Gesetzen zu beantragen.<\/p><h2>3. VERF\u00dcGBARKEIT DER DIENSTLEISTUNGEN<\/h2><p>Diese Website und die darauf enthaltenen Informationen dienen der Information bestehender und potenzieller Kunden. Die Inhalte der Webseiten werden zur Verf\u00fcgung gestellt, es kann jedoch keine Garantie daf\u00fcr \u00fcbernommen werden, dass diese Seiten nicht unterbrochen werden oder keine Fehler aufweisen, die au\u00dferhalb unserer Kontrolle liegen.<\/p><h2>4. HAFTUNGSAUSSCHLUSS UND HAFTUNGSBESCHR\u00c4NKUNG:<\/h2><p>S.C. UNIVERSAL COMP PROD S.R.L. beh\u00e4lt sich das Recht vor, die Seiten jederzeit zu korrigieren oder den Zugriff darauf zu entziehen. S.C. UNIVERSAL COMP PROD S.R.L. haftet nicht f\u00fcr direkte oder indirekte Ereignisse, besondere oder Folgesch\u00e4den, f\u00fcr entgangenen Gewinn, der sich aus der M\u00f6glichkeit oder Unm\u00f6glichkeit der Nutzung dieses Dienstes ergibt, selbst wenn S.C. UNIVERSAL COMP PROD S.R.L. auf die M\u00f6glichkeit solcher Sch\u00e4den hingewiesen wurde. Sollte sich eine Klausel, Bedingung oder Bestimmung als rechtswidrig, ung\u00fcltig oder unwirksam erweisen, so bleibt die Anwendbarkeit, die Bedingungen und die Bestimmungen davon unber\u00fchrt. S.C. UNIVERSAL COMP PROD S.R.L. beh\u00e4lt sich das Recht vor, diese Regeln jederzeit zu \u00e4ndern, zu \u00fcberarbeiten oder zu erg\u00e4nzen. Jegliche \u00c4nderung wird auf dieser Seite ver\u00f6ffentlicht und tritt ab dem Zeitpunkt ihrer Ver\u00f6ffentlichung auf der Website in Kraft.<\/p>\t\t\t\t\t\t\t\t<\/div>\n\t\t\t\t\t<\/div>\n\t\t\t\t<\/div>\n\t\t\t\t<\/div>\n\t\t","protected":false},"excerpt":{"rendered":"<p>Die Website www.temko.ro ist Eigentum der S.C. UNIVERSAL COMP PROD S.R.L. . Dieses Dokument legt die Bedingungen fest, unter denen Sie die Website www.temko.ro nutzen k\u00f6nnen. Der Zugang und die Nutzung der Website www.temko.ro unterliegen den nachstehend aufgef\u00fchrten Regeln und Bedingungen. Die Nutzung der Website, des Standorts und des Zugangs zu den Diensten setzt implizit [&hellip;]<\/p>\n","protected":false},"author":1,"featured_media":0,"parent":0,"menu_order":0,"comment_status":"closed","ping_status":"closed","template":"","meta":{"footnotes":""},"class_list":["post-10539","page","type-page","status-publish","hentry"],"_links":{"self":[{"href":"https:\/\/temko.ro\/de\/wp-json\/wp\/v2\/pages\/10539","targetHints":{"allow":["GET"]}}],"collection":[{"href":"https:\/\/temko.ro\/de\/wp-json\/wp\/v2\/pages"}],"about":[{"href":"https:\/\/temko.ro\/de\/wp-json\/wp\/v2\/types\/page"}],"author":[{"embeddable":true,"href":"https:\/\/temko.ro\/de\/wp-json\/wp\/v2\/users\/1"}],"replies":[{"embeddable":true,"href":"https:\/\/temko.ro\/de\/wp-json\/wp\/v2\/comments?post=10539"}],"version-history":[{"count":1,"href":"https:\/\/temko.ro\/de\/wp-json\/wp\/v2\/pages\/10539\/revisions"}],"predecessor-version":[{"id":14345,"href":"https:\/\/temko.ro\/de\/wp-json\/wp\/v2\/pages\/10539\/revisions\/14345"}],"wp:attachment":[{"href":"https:\/\/temko.ro\/de\/wp-json\/wp\/v2\/media?parent=10539"}],"curies":[{"name":"wp","href":"https:\/\/api.w.org\/{rel}","templated":true}]}}