{"id":10531,"date":"2026-02-27T11:20:40","date_gmt":"2026-02-27T09:20:40","guid":{"rendered":"https:\/\/temko.ro\/cookie-richtlinie\/"},"modified":"2026-03-20T13:55:01","modified_gmt":"2026-03-20T11:55:01","slug":"cookie-richtlinie","status":"publish","type":"page","link":"https:\/\/temko.ro\/de\/cookie-richtlinie\/","title":{"rendered":"Cookie-Richtlinie"},"content":{"rendered":"\t\t<div data-elementor-type=\"wp-page\" data-elementor-id=\"10531\" class=\"elementor elementor-10531 elementor-1317\" data-elementor-post-type=\"page\">\n\t\t\t\t<div class=\"elementor-element elementor-element-ee0e19c e-flex e-con-boxed e-con e-parent\" data-id=\"ee0e19c\" data-element_type=\"container\" data-e-type=\"container\" data-settings=\"{&quot;jet_parallax_layout_list&quot;:[]}\">\n\t\t\t\t\t<div class=\"e-con-inner\">\n\t\t\t\t<div class=\"elementor-element elementor-element-a1efb57 elementor-widget elementor-widget-text-editor\" data-id=\"a1efb57\" data-element_type=\"widget\" data-e-type=\"widget\" data-widget_type=\"text-editor.default\">\n\t\t\t\t\t\t\t\t\t<p>Diese Website verwendet Cookies.<\/p><p>Notwendige Cookies sind Textdateien, die von Websites verwendet werden, um die Nutzung zu vereinfachen und die angebotenen Dienste zu verbessern. Diese Dateien finden Sie in Ihrem Browser oder auf der Festplatte Ihres Ger\u00e4ts, je nachdem, welche Websites Sie besuchen. Sie erm\u00f6glichen eine sicherere und schnellere Interaktion mit diesen Websites, da sie Ihre Pr\u00e4ferenzen speichern k\u00f6nnen.<\/p><p>Unsere Website verwendet Cookies, um Sie von anderen Nutzern zu unterscheiden. Dies hilft uns, Ihnen ein besseres Nutzungserlebnis zu bieten. Die auf unserer Website \u00fcber Cookies gespeicherten Daten geben keine pers\u00f6nlichen Details preis, die zur Identifizierung einer Person verwendet werden k\u00f6nnten.<\/p><p>Wir verwenden Cookies, um den Website-Traffic zu analysieren und Inhalte zu personalisieren.<\/p><p>Die Website kann ohne Cookies nicht ordnungsgem\u00e4\u00df funktionieren. Ohne sie w\u00e4re der Zugriff auf gesch\u00fctzte Bereiche oder die Navigation auf der Seite erschwert. Mithilfe von Statistik-Cookies k\u00f6nnen wir Informationen dar\u00fcber analysieren, wie Sie unsere Website nutzen, und so Verbesserungspotenzial erkennen.<\/p><p>Gesetzlich d\u00fcrfen wir Cookies auf Ihrem Ger\u00e4t nur dann speichern, wenn diese f\u00fcr das Surfen auf der Website erforderlich sind. Die G\u00fcltigkeitsdauer dieser Cookie-Dateien betr\u00e4gt maximal 2 Jahre. Wenn Sie der Verwendung von Cookies, die f\u00fcr das normale Funktionieren der Website erforderlich sind, nicht zustimmen, m\u00fcssen Sie das Browsen auf unserer Website abbrechen. F\u00fcr verschiedene andere Arten von Cookies ist Ihre Zustimmung erforderlich.<\/p><p>Sie k\u00f6nnen Ihre Einwilligung zur Verwendung von Cookies jederzeit widerrufen. Dazu k\u00f6nnen Sie Cookies blockieren oder l\u00f6schen, entweder \u00fcber Ihre Browsereinstellungen, \u00fcber die Website oder mithilfe von Software von Drittanbietern, oder indem Sie die spezifischen Anweisungen f\u00fcr die einzelnen Cookie-Kategorien in den folgenden Abschnitten befolgen. In jedem Fall kann es bei der Nutzung bestimmter Bereiche der Website zu Problemen kommen, wenn Sie Cookies deaktivieren.<\/p><p>Ihre Zustimmung zur Verwendung von Cookies gilt f\u00fcr die Domain: https:\/\/temko.ro\/<\/p><p>Cookies f\u00fcr Marketingzwecke werden verwendet, um die Besuche und Suchanfragen eines Nutzers im Web zu speichern und relevante und ansprechende Anzeigen basierend auf den letzten Suchanfragen anzuzeigen. Diese Art von Cookies wird von Werbeagenturen verwendet.<\/p><p>COOKIES-Einstellungen erm\u00f6glichen es der Website, Informationen wie Ihre Sprache zu speichern. Favoriten oder der Bereich, in dem Sie sich befinden. COOKIES Statistiken helfen uns zu verstehen, wie Nutzer mit unserer Website interagieren, indem Informationen anonym gesammelt werden.<\/p><p>Unsere Website kann Funktionen f\u00fcr soziale Kommunikationsdienste enthalten, wie zum Beispiel Links zu Facebook, Twitter, Instagram, LinkedIn oder YouTube. Diese Funktionen speichern m\u00f6glicherweise Informationen und setzen gegebenenfalls einen Cookie, um ordnungsgem\u00e4\u00df zu funktionieren.<br>Unsere Website kann Links zu anderen Websites enthalten, die wir nicht kontrollieren. Bitte lesen Sie daher deren Datenschutzrichtlinien sorgf\u00e4ltig durch.<\/p><p>Google Analytics<br>Unsere Website nutzt Google Analytics, einen Webanalysedienst der Firma Google. Google Analytics verwendet Cookies, um einer bestimmten Website zu helfen, zu analysieren, wie Sie diese Website nutzen. Die durch Cookie-Dateien erzeugten Informationen \u00fcber Ihre Nutzung der Website. Daten \u00fcber die Website (einschlie\u00dflich Ihrer IP-Adresse) werden an Google \u00fcbertragen und auf Servern gespeichert, die sich in der EU, im EWR und\/oder in den Vereinigten Staaten befinden k\u00f6nnen. Google wird diese Informationen zum Zweck der Auswertung Ihrer Nutzung der Website verwenden. Wir verarbeiten Ihre Daten, erstellen Berichte \u00fcber die Websiteaktivit\u00e4ten f\u00fcr Websitebetreiber und bieten weitere Dienstleistungen im Zusammenhang mit Websiteaktivit\u00e4ten und Internetnutzung an.<br>Bei Fragen oder Bedenken hinsichtlich der Verarbeitung und Speicherung Ihrer Daten oder wenn Sie diese \u00e4ndern oder l\u00f6schen m\u00f6chten, kontaktieren Sie uns bitte unter: frantz@temko.ro<br>Wir behalten uns vor, unsere Cookie-Richtlinie zu aktualisieren und werden Sie \u00fcber die \u00c4nderungen informieren, indem wir die neue Version auf unserer Website im Bereich \u201eCookie-Richtlinie\u201c ver\u00f6ffentlichen.<\/p><p>Bitte konsultieren Sie diesen Abschnitt regelm\u00e4\u00dfig, um sich \u00fcber etwaige \u00c4nderungen zu informieren.<\/p><p>SCHUTZ PERSONENBEZOGENER DATEN<\/p><p>Um auf Ihre personenbezogenen Daten zuzugreifen, diese zu berichtigen, zu l\u00f6schen oder deren Verarbeitung einzuschr\u00e4nken (DSGVO), kontaktieren Sie uns bitte unter der E-Mail-Adresse: frantz@temko.ro. Personenbezogene Daten k\u00f6nnen unter der E-Mail-Adresse frantz@temko.ro verwendet oder an einen anderen Auftragsverarbeiter (DSGVO) \u00fcbermittelt werden. Sollten Sie der Ansicht sein, dass Ihre Daten Ihre personenbezogenen Daten wurden nicht gesetzeskonform gesch\u00fctzt. Sie haben das Recht, eine Beschwerde bei der Aufsichtsbeh\u00f6rde einzureichen (DSGVO).<\/p>\t\t\t\t\t\t\t\t<\/div>\n\t\t\t\t\t<\/div>\n\t\t\t\t<\/div>\n\t\t\t\t<\/div>\n\t\t","protected":false},"excerpt":{"rendered":"<p>Diese Website verwendet Cookies. Notwendige Cookies sind Textdateien, die von Websites verwendet werden, um die Nutzung zu vereinfachen und die angebotenen Dienste zu verbessern. Diese Dateien finden Sie in Ihrem Browser oder auf der Festplatte Ihres Ger\u00e4ts, je nachdem, welche Websites Sie besuchen. Sie erm\u00f6glichen eine sicherere und schnellere Interaktion mit diesen Websites, da sie [&hellip;]<\/p>\n","protected":false},"author":3,"featured_media":0,"parent":0,"menu_order":0,"comment_status":"closed","ping_status":"closed","template":"","meta":{"footnotes":""},"class_list":["post-10531","page","type-page","status-publish","hentry"],"_links":{"self":[{"href":"https:\/\/temko.ro\/de\/wp-json\/wp\/v2\/pages\/10531","targetHints":{"allow":["GET"]}}],"collection":[{"href":"https:\/\/temko.ro\/de\/wp-json\/wp\/v2\/pages"}],"about":[{"href":"https:\/\/temko.ro\/de\/wp-json\/wp\/v2\/types\/page"}],"author":[{"embeddable":true,"href":"https:\/\/temko.ro\/de\/wp-json\/wp\/v2\/users\/3"}],"replies":[{"embeddable":true,"href":"https:\/\/temko.ro\/de\/wp-json\/wp\/v2\/comments?post=10531"}],"version-history":[{"count":1,"href":"https:\/\/temko.ro\/de\/wp-json\/wp\/v2\/pages\/10531\/revisions"}],"predecessor-version":[{"id":14329,"href":"https:\/\/temko.ro\/de\/wp-json\/wp\/v2\/pages\/10531\/revisions\/14329"}],"wp:attachment":[{"href":"https:\/\/temko.ro\/de\/wp-json\/wp\/v2\/media?parent=10531"}],"curies":[{"name":"wp","href":"https:\/\/api.w.org\/{rel}","templated":true}]}}